{"id":3203,"date":"2025-03-27T14:12:29","date_gmt":"2025-03-27T06:12:29","guid":{"rendered":"http:\/\/www.nsw-valve.com\/?post_type=product&#038;p=3203"},"modified":"2025-03-27T14:13:34","modified_gmt":"2025-03-27T06:13:34","slug":"lubricant-plug-valve","status":"publish","type":"product","link":"https:\/\/www.nsw-valve.com\/de\/product\/lubricant-plug-valve\/","title":{"rendered":"Schmierstoff-Steckventil"},"content":{"rendered":"<ul>\n<li><strong>PRODUKTREIHE<\/strong><\/li>\n<li>Gr\u00f6\u00dfen NPS \u00bd bis NPS 36<\/li>\n<li>Klasse 150 bis Klasse 2500<\/li>\n<\/ul>\n<p>&nbsp;<\/p>\n<ul>\n<li><strong>MATERIALIEN<\/strong><\/li>\n<li>Erh\u00e4ltlich in Schmiedest\u00fccken f\u00fcr NPS \u2264 2 (A105, A182 F304, F304L, F316, F316L, F51, F53, A350 LF2, LF3, LF5), Guss (A216 WCB, A351 CF3, CF8, CF3M, CF8M, A995 4A, 5A, A352 LCB, LCC, LC2), Monel, Inconel, Hastelloy<\/li>\n<\/ul>\n<p>&nbsp;<\/p>\n<ul>\n<li><strong>KONSTRUKTIONSMERKMALE<\/strong><\/li>\n<li>Voller oder reduzierter DurchgangH\u00fclsenausf\u00fchrung oder Druckentlastung<\/li>\n<li>RF, RTJ, oder BW<\/li>\n<\/ul>\n<p>&nbsp;<\/p>\n<ul>\n<li><strong>DESIGNSTANDARD<\/strong><\/li>\n<li>Konstruktion und Fertigung nach API 599, API 6D, ISO 14313Endanschluss nach ASME B16.5 (RF, RTJ), ASME B16.47(RF, RTJ), MSS SP-44 (nur NPS 22), ASME B16.25 (BW)Auch erh\u00e4ltlich nach NACE MR-0175, NACE MR-0103, ISO 15848<\/li>\n<li>Pr\u00fcfung und Inspektion gem\u00e4\u00df API 598, API 6D<\/li>\n<li>Face-to-Face nach API 6D, ASME B16.10<\/li>\n<\/ul>","protected":false},"excerpt":{"rendered":"<p>PRODUCT RANGE Sizes NPS \u00bd to NPS 36 Class 150 to Class 2500 &nbsp; MATERIALS Available in Forging for NPS\u00a0\u2264\u00a02 (A105, A182 F304, F304L, F316, F316L, F51, F53, A350 LF2, LF3, LF5), Casting (A216 WCB, A351 CF3, CF8, CF3M, CF8M, A995 4A, 5A, A352 LCB, LCC, LC2), Monel, Inconel, Hastelloy &nbsp; DESIGN FEATURES Full or [&hellip;]<\/p>","protected":false},"featured_media":0,"comment_status":"open","ping_status":"closed","template":"","meta":[],"product_cat":[65],"product_tag":[],"class_list":["post-3203","product","type-product","status-publish","hentry","product_cat-plug-valve"],"yoast_head":"<!-- This site is optimized with the Yoast SEO plugin v25.4 - https:\/\/yoast.com\/wordpress\/plugins\/seo\/ -->\n<title>Lubricant Plug Valve - Gate and Ball Valve Supplier | NSW VALVE MANUFACTURER<\/title>\n<meta name=\"robots\" content=\"index, follow, max-snippet:-1, max-image-preview:large, max-video-preview:-1\" \/>\n<link rel=\"canonical\" href=\"https:\/\/www.nsw-valve.com\/de\/produkt\/lubricant-plug-valve\/\" \/>\n<meta property=\"og:locale\" content=\"de_DE\" \/>\n<meta property=\"og:type\" content=\"article\" \/>\n<meta property=\"og:title\" content=\"Lubricant Plug Valve - Gate and Ball Valve Supplier | NSW VALVE MANUFACTURER\" \/>\n<meta property=\"og:description\" content=\"PRODUCT RANGE Sizes NPS \u00bd to NPS 36 Class 150 to Class 2500 &nbsp; MATERIALS Available in Forging for NPS\u00a0\u2264\u00a02 (A105, A182 F304, F304L, F316, F316L, F51, F53, A350 LF2, LF3, LF5), Casting (A216 WCB, A351 CF3, CF8, CF3M, CF8M, A995 4A, 5A, A352 LCB, LCC, LC2), Monel, Inconel, Hastelloy &nbsp; DESIGN FEATURES Full or [&hellip;]\" \/>\n<meta property=\"og:url\" content=\"https:\/\/www.nsw-valve.com\/de\/produkt\/lubricant-plug-valve\/\" \/>\n<meta property=\"og:site_name\" content=\"Gate and Ball Valve Supplier | NSW VALVE MANUFACTURER\" \/>\n<meta property=\"article:publisher\" content=\"https:\/\/www.facebook.com\/nswvalve\/\" \/>\n<meta property=\"article:modified_time\" content=\"2025-03-27T06:13:34+00:00\" \/>\n<meta name=\"twitter:card\" content=\"summary_large_image\" \/>\n<meta name=\"twitter:label1\" content=\"Gesch\u00e4tzte Lesezeit\" \/>\n\t<meta name=\"twitter:data1\" content=\"1\u00a0Minute\" \/>\n<script type=\"application\/ld+json\" class=\"yoast-schema-graph\">{\"@context\":\"https:\/\/schema.org\",\"@graph\":[{\"@type\":\"WebPage\",\"@id\":\"https:\/\/www.nsw-valve.com\/product\/lubricant-plug-valve\/\",\"url\":\"https:\/\/www.nsw-valve.com\/product\/lubricant-plug-valve\/\",\"name\":\"Lubricant Plug Valve - Gate and Ball Valve Supplier | NSW VALVE MANUFACTURER\",\"isPartOf\":{\"@id\":\"https:\/\/www.nsw-valve.com\/#website\"},\"datePublished\":\"2025-03-27T06:12:29+00:00\",\"dateModified\":\"2025-03-27T06:13:34+00:00\",\"breadcrumb\":{\"@id\":\"https:\/\/www.nsw-valve.com\/product\/lubricant-plug-valve\/#breadcrumb\"},\"inLanguage\":\"de\",\"potentialAction\":[{\"@type\":\"ReadAction\",\"target\":[\"https:\/\/www.nsw-valve.com\/product\/lubricant-plug-valve\/\"]}]},{\"@type\":\"BreadcrumbList\",\"@id\":\"https:\/\/www.nsw-valve.com\/product\/lubricant-plug-valve\/#breadcrumb\",\"itemListElement\":[{\"@type\":\"ListItem\",\"position\":1,\"name\":\"\u9996\u9875\",\"item\":\"https:\/\/www.nsw-valve.com\/\"},{\"@type\":\"ListItem\",\"position\":2,\"name\":\"Product\",\"item\":\"https:\/\/www.nsw-valve.com\/product\/\"},{\"@type\":\"ListItem\",\"position\":3,\"name\":\"Lubricant Plug Valve\"}]},{\"@type\":\"WebSite\",\"@id\":\"https:\/\/www.nsw-valve.com\/#website\",\"url\":\"https:\/\/www.nsw-valve.com\/\",\"name\":\"NSW VALVE MANUFACTURER\",\"description\":\"A Leader Industry Valve Manufacturer and Factory From China\",\"publisher\":{\"@id\":\"https:\/\/www.nsw-valve.com\/#organization\"},\"potentialAction\":[{\"@type\":\"SearchAction\",\"target\":{\"@type\":\"EntryPoint\",\"urlTemplate\":\"https:\/\/www.nsw-valve.com\/?s={search_term_string}\"},\"query-input\":{\"@type\":\"PropertyValueSpecification\",\"valueRequired\":true,\"valueName\":\"search_term_string\"}}],\"inLanguage\":\"de\"},{\"@type\":\"Organization\",\"@id\":\"https:\/\/www.nsw-valve.com\/#organization\",\"name\":\"NSW VALVE MANUFACTURER\",\"url\":\"https:\/\/www.nsw-valve.com\/\",\"logo\":{\"@type\":\"ImageObject\",\"inLanguage\":\"de\",\"@id\":\"https:\/\/www.nsw-valve.com\/#\/schema\/logo\/image\/\",\"url\":\"https:\/\/www.nsw-valve.com\/wp-content\/uploads\/2018\/07\/logo-1.png\",\"contentUrl\":\"https:\/\/www.nsw-valve.com\/wp-content\/uploads\/2018\/07\/logo-1.png\",\"width\":189,\"height\":66,\"caption\":\"NSW VALVE MANUFACTURER\"},\"image\":{\"@id\":\"https:\/\/www.nsw-valve.com\/#\/schema\/logo\/image\/\"},\"sameAs\":[\"https:\/\/www.facebook.com\/nswvalve\/\",\"https:\/\/www.linkedin.com\/company\/butterfly-valve-manufacturer-china\/\"]}]}<\/script>\n<!-- \/ Yoast SEO plugin. -->","yoast_head_json":{"title":"Lubricant Plug Valve - Gate and Ball Valve Supplier | NSW VALVE MANUFACTURER","robots":{"index":"index","follow":"follow","max-snippet":"max-snippet:-1","max-image-preview":"max-image-preview:large","max-video-preview":"max-video-preview:-1"},"canonical":"https:\/\/www.nsw-valve.com\/de\/produkt\/lubricant-plug-valve\/","og_locale":"de_DE","og_type":"article","og_title":"Lubricant Plug Valve - Gate and Ball Valve Supplier | NSW VALVE MANUFACTURER","og_description":"PRODUCT RANGE Sizes NPS \u00bd to NPS 36 Class 150 to Class 2500 &nbsp; MATERIALS Available in Forging for NPS\u00a0\u2264\u00a02 (A105, A182 F304, F304L, F316, F316L, F51, F53, A350 LF2, LF3, LF5), Casting (A216 WCB, A351 CF3, CF8, CF3M, CF8M, A995 4A, 5A, A352 LCB, LCC, LC2), Monel, Inconel, Hastelloy &nbsp; DESIGN FEATURES Full or [&hellip;]","og_url":"https:\/\/www.nsw-valve.com\/de\/produkt\/lubricant-plug-valve\/","og_site_name":"Gate and Ball Valve Supplier | NSW VALVE MANUFACTURER","article_publisher":"https:\/\/www.facebook.com\/nswvalve\/","article_modified_time":"2025-03-27T06:13:34+00:00","twitter_card":"summary_large_image","twitter_misc":{"Gesch\u00e4tzte Lesezeit":"1\u00a0Minute"},"schema":{"@context":"https:\/\/schema.org","@graph":[{"@type":"WebPage","@id":"https:\/\/www.nsw-valve.com\/product\/lubricant-plug-valve\/","url":"https:\/\/www.nsw-valve.com\/product\/lubricant-plug-valve\/","name":"Lubricant Plug Valve - Gate and Ball Valve Supplier | NSW VALVE MANUFACTURER","isPartOf":{"@id":"https:\/\/www.nsw-valve.com\/#website"},"datePublished":"2025-03-27T06:12:29+00:00","dateModified":"2025-03-27T06:13:34+00:00","breadcrumb":{"@id":"https:\/\/www.nsw-valve.com\/product\/lubricant-plug-valve\/#breadcrumb"},"inLanguage":"de","potentialAction":[{"@type":"ReadAction","target":["https:\/\/www.nsw-valve.com\/product\/lubricant-plug-valve\/"]}]},{"@type":"BreadcrumbList","@id":"https:\/\/www.nsw-valve.com\/product\/lubricant-plug-valve\/#breadcrumb","itemListElement":[{"@type":"ListItem","position":1,"name":"\u9996\u9875","item":"https:\/\/www.nsw-valve.com\/"},{"@type":"ListItem","position":2,"name":"Product","item":"https:\/\/www.nsw-valve.com\/product\/"},{"@type":"ListItem","position":3,"name":"Lubricant Plug Valve"}]},{"@type":"WebSite","@id":"https:\/\/www.nsw-valve.com\/#website","url":"https:\/\/www.nsw-valve.com\/","name":"NSW VENTILHERSTELLER","description":"Ein f\u00fchrender Industrieventil Hersteller und Fabrik aus China","publisher":{"@id":"https:\/\/www.nsw-valve.com\/#organization"},"potentialAction":[{"@type":"SearchAction","target":{"@type":"EntryPoint","urlTemplate":"https:\/\/www.nsw-valve.com\/?s={search_term_string}"},"query-input":{"@type":"PropertyValueSpecification","valueRequired":true,"valueName":"search_term_string"}}],"inLanguage":"de"},{"@type":"Organization","@id":"https:\/\/www.nsw-valve.com\/#organization","name":"NSW VENTILHERSTELLER","url":"https:\/\/www.nsw-valve.com\/","logo":{"@type":"ImageObject","inLanguage":"de","@id":"https:\/\/www.nsw-valve.com\/#\/schema\/logo\/image\/","url":"https:\/\/www.nsw-valve.com\/wp-content\/uploads\/2018\/07\/logo-1.png","contentUrl":"https:\/\/www.nsw-valve.com\/wp-content\/uploads\/2018\/07\/logo-1.png","width":189,"height":66,"caption":"NSW VALVE MANUFACTURER"},"image":{"@id":"https:\/\/www.nsw-valve.com\/#\/schema\/logo\/image\/"},"sameAs":["https:\/\/www.facebook.com\/nswvalve\/","https:\/\/www.linkedin.com\/company\/butterfly-valve-manufacturer-china\/"]}]}},"_links":{"self":[{"href":"https:\/\/www.nsw-valve.com\/de\/wp-json\/wp\/v2\/product\/3203","targetHints":{"allow":["GET"]}}],"collection":[{"href":"https:\/\/www.nsw-valve.com\/de\/wp-json\/wp\/v2\/product"}],"about":[{"href":"https:\/\/www.nsw-valve.com\/de\/wp-json\/wp\/v2\/types\/product"}],"replies":[{"embeddable":true,"href":"https:\/\/www.nsw-valve.com\/de\/wp-json\/wp\/v2\/comments?post=3203"}],"version-history":[{"count":0,"href":"https:\/\/www.nsw-valve.com\/de\/wp-json\/wp\/v2\/product\/3203\/revisions"}],"wp:attachment":[{"href":"https:\/\/www.nsw-valve.com\/de\/wp-json\/wp\/v2\/media?parent=3203"}],"wp:term":[{"taxonomy":"product_cat","embeddable":true,"href":"https:\/\/www.nsw-valve.com\/de\/wp-json\/wp\/v2\/product_cat?post=3203"},{"taxonomy":"product_tag","embeddable":true,"href":"https:\/\/www.nsw-valve.com\/de\/wp-json\/wp\/v2\/product_tag?post=3203"}],"curies":[{"name":"wp","href":"https:\/\/api.w.org\/{rel}","templated":true}]}}