{"id":1263,"date":"2018-12-04T09:43:48","date_gmt":"2018-12-04T09:43:48","guid":{"rendered":"http:\/\/manufacturer.stylemixthemes.com\/furniture\/?post_type=product&#038;p=1263"},"modified":"2025-05-29T23:33:46","modified_gmt":"2025-05-29T15:33:46","slug":"floating-ball-valves","status":"publish","type":"product","link":"https:\/\/www.nsw-valve.com\/es\/product\/floating-ball-valves\/","title":{"rendered":"V\u00e1lvulas de bola flotantes"},"content":{"rendered":"<h2>Caracter\u00edsticas principales de la v\u00e1lvula de bola flotante<\/h2>\n<h3>Gama de productos<\/h3>\n<p>Tama\u00f1os: NPS 2 a NPS 60<\/p>\n<p>Rango de presi\u00f3n: Clase 150 a Clase 2500<\/p>\n<h3>Materiales<\/h3>\n<ul>\n<li>Cuerpo: Fundici\u00f3n: (A216 WCB, A351 CF3, CF8, CF3M, CF8M, A995 4A, 5A, A352 LCB, LCC, LC2) Monel, Inconel, Hastelloy,UB6<\/li>\n<\/ul>\n<p>Forjado (A105, A182 F304, F304L, F316, F316L, F51, F53, A350 LF2, LF3, LF5,)<\/p>\n<ul>\n<li>Bola: Acero inoxidable mecanizado de precisi\u00f3n con revestimientos para una mayor resistencia al desgaste y la corrosi\u00f3n.<\/li>\n<li>Juntas: Juntas de PTFE o met\u00e1licas de alto rendimiento para una estanqueidad fiable a altas presiones.<\/li>\n<li>V\u00e1stago: Acero forjado, dise\u00f1ado para soportar aplicaciones de alta presi\u00f3n y alto par.<\/li>\n<\/ul>\n<h3>V\u00e1lvula est\u00e1ndar<\/h3>\n<div>\n<table border=\"1\" cellspacing=\"0\">\n<tbody>\n<tr>\n<td valign=\"top\" width=\"161\">Dise\u00f1o y fabricaci\u00f3n<\/td>\n<td valign=\"top\" width=\"437\">API 6D,ASME B16.34<\/td>\n<\/tr>\n<tr>\n<td valign=\"top\" width=\"161\">Cara a cara<\/td>\n<td valign=\"top\" width=\"437\">ASME B16.10,EN 558-1<\/td>\n<\/tr>\n<tr>\n<td valign=\"top\" width=\"161\">Conexi\u00f3n final<\/td>\n<td valign=\"top\" width=\"437\">ASME B16.5, ASME B16.47, MSS SP-44 (s\u00f3lo NPS 22)<\/td>\n<\/tr>\n<tr>\n<td valign=\"top\" width=\"161\"><\/td>\n<td valign=\"top\" width=\"437\">- Extremos soldados por encastre seg\u00fan ASME B16.11<\/td>\n<\/tr>\n<tr>\n<td valign=\"top\" width=\"161\"><\/td>\n<td valign=\"top\" width=\"437\">- Extremos soldados a tope seg\u00fan ASME B16.25<\/td>\n<\/tr>\n<tr>\n<td valign=\"top\" width=\"161\"><\/td>\n<td valign=\"top\" width=\"437\">- Extremos roscados seg\u00fan ANSI\/ASME B1.20.1<\/td>\n<\/tr>\n<tr>\n<td valign=\"top\" width=\"161\">Pruebas e inspecci\u00f3n<\/td>\n<td valign=\"top\" width=\"437\">API 598, API 6D,DIN3230<\/td>\n<\/tr>\n<tr>\n<td valign=\"top\" width=\"161\">Dise\u00f1o seguro contra incendios<\/td>\n<td valign=\"top\" width=\"437\">API 6FA, API 607<\/td>\n<\/tr>\n<tr>\n<td valign=\"top\" width=\"161\">Tambi\u00e9n disponible por<\/td>\n<td valign=\"top\" width=\"437\">NACE MR-0175, NACE MR-0103, ISO 15848<\/td>\n<\/tr>\n<tr>\n<td valign=\"top\" width=\"161\">Otros<\/td>\n<td valign=\"top\" width=\"437\">PMI, UT, RT, PT, MT<\/td>\n<\/tr>\n<\/tbody>\n<\/table>\n<\/div>\n<h3>Caracter\u00edsticas de dise\u00f1o<\/h3>\n<p>1.Paso total o reducido<\/p>\n<p>2.RF, RTJ, BW o PE<\/p>\n<p>3.Entrada lateral, entrada superior o dise\u00f1o de cuerpo soldado<\/p>\n<p>4.Doble Bloqueo y Sangrado (DBB)\uff0cDoble Aislamiento y Sangrado (DIB)<\/p>\n<p>5.Asiento de emergencia e inyecci\u00f3n de v\u00e1stago<\/p>\n<p>6.Dispositivo antiest\u00e1tico<\/p>\n<p>7.V\u00e1stago antidesbordamiento<\/p>\n<p>8. 8. Seguridad contra incendios<\/p>\n<p>9. V\u00e1stago extendido criog\u00e9nico o de alta temperatura<\/p>\n<p>10. 2PCS, 3PCS<\/p>\n<p>La v\u00e1lvula de bola flotante puede cerrarse herm\u00e9ticamente con s\u00f3lo un giro de 90 grados y un peque\u00f1o par de torsi\u00f3n. La cavidad interna completamente igual de la v\u00e1lvula proporciona un canal de flujo recto con poca resistencia para el medio. La caracter\u00edstica principal es su estructura compacta, f\u00e1cil manejo y mantenimiento, adecuada para medios de trabajo generales como agua, disolventes, \u00e1cidos y gas natural, y tambi\u00e9n adecuada para medios con condiciones de trabajo duras, como ox\u00edgeno, per\u00f3xido de hidr\u00f3geno, metano y etileno.<\/p>\n<p>1. V\u00e1lvula de bola flotante<\/p>\n<p>La bola de la v\u00e1lvula de bola es flotante. Bajo la acci\u00f3n de la presi\u00f3n del medio, la bola puede producir un cierto desplazamiento y presionar fuertemente sobre la superficie de sellado del extremo de salida para garantizar la estanqueidad del extremo de salida. La v\u00e1lvula de bola flotante tiene una estructura simple y un buen rendimiento de sellado, pero la carga de la esfera que soporta el medio de trabajo se transmite toda al anillo de sellado de salida, por lo que es necesario considerar si el material del anillo de sellado puede soportar la carga de trabajo del medio de la esfera. Esta estructura es muy utilizada en v\u00e1lvulas de bola de media y baja presi\u00f3n.<\/p>\n<p>2. V\u00e1lvula de bola de mu\u00f1\u00f3n<\/p>\n<p>La bola de la v\u00e1lvula de bola est\u00e1 fija y no se mueve al presionarla. La v\u00e1lvula de bola Trunnion est\u00e1 equipada con un asiento de v\u00e1lvula flotante. Despu\u00e9s de recibir la presi\u00f3n del medio, el asiento de la v\u00e1lvula se mueve, de modo que el anillo de sellado se presiona firmemente sobre la esfera para asegurar el sellado. Los cojinetes suelen instalarse en los ejes superior e inferior de la esfera, y el par de funcionamiento es peque\u00f1o, lo que resulta adecuado para v\u00e1lvulas de alta presi\u00f3n y gran di\u00e1metro. Con el fin de reducir el par de funcionamiento de la v\u00e1lvula de bola y aumentar la fiabilidad del sellado, en los \u00faltimos a\u00f1os han aparecido las v\u00e1lvulas de bola selladas con aceite. Se inyecta aceite lubricante especial entre las superficies de sellado para formar una pel\u00edcula de aceite, lo que mejora el rendimiento de sellado y reduce el par de funcionamiento. Es m\u00e1s adecuado para v\u00e1lvulas de bola de alta presi\u00f3n y gran di\u00e1metro.<\/p>\n<p>&nbsp;<\/p>","protected":false},"excerpt":{"rendered":"<p>Una v\u00e1lvula de bola flotante es una v\u00e1lvula de un cuarto de vuelta que utiliza una bola para controlar el caudal de fluido. Est\u00e1n dise\u00f1adas con una bola flotante sujeta por dos asientos de v\u00e1lvula, uno a cada lado de la bola. La bola se mueve libremente dentro del cuerpo de la v\u00e1lvula, lo que le permite girar y abrir o cerrar el paso del caudal. Estas v\u00e1lvulas se utilizan com\u00fanmente en diversas industrias, como la del petr\u00f3leo y el gas, la qu\u00edmica y la petroqu\u00edmica.<\/p>","protected":false},"featured_media":3141,"comment_status":"open","ping_status":"closed","template":"","meta":[],"product_cat":[30],"product_tag":[],"class_list":["post-1263","product","type-product","status-publish","has-post-thumbnail","hentry","product_cat-ball-valve-manufacturer"],"yoast_head":"<!-- This site is optimized with the Yoast SEO plugin v25.4 - https:\/\/yoast.com\/wordpress\/plugins\/seo\/ -->\n<title>Floating Ball Valves - Gate and Ball Valve Supplier | NSW VALVE MANUFACTURER<\/title>\n<meta name=\"robots\" content=\"index, follow, max-snippet:-1, max-image-preview:large, max-video-preview:-1\" \/>\n<link rel=\"canonical\" href=\"https:\/\/www.nsw-valve.com\/es\/producto\/floating-ball-valves\/\" \/>\n<meta property=\"og:locale\" content=\"es_ES\" \/>\n<meta property=\"og:type\" content=\"article\" \/>\n<meta property=\"og:title\" content=\"Floating Ball Valves - Gate and Ball Valve Supplier | NSW VALVE MANUFACTURER\" \/>\n<meta property=\"og:description\" content=\"A floating ball valve is a quarter-turn valve that uses a ball to control the flow of fluid. They are designed with a floating ball held in place by two valve seats, one on each side of the ball. The ball moves freely within the valve body, allowing it to rotate and open or close the flow path. These valves are commonly used in various industries including oil and gas, chemical, petrochemical.\" \/>\n<meta property=\"og:url\" content=\"https:\/\/www.nsw-valve.com\/es\/producto\/floating-ball-valves\/\" \/>\n<meta property=\"og:site_name\" content=\"Gate and Ball Valve Supplier | NSW VALVE MANUFACTURER\" \/>\n<meta property=\"article:publisher\" content=\"https:\/\/www.facebook.com\/nswvalve\/\" \/>\n<meta property=\"article:modified_time\" content=\"2025-05-29T15:33:46+00:00\" \/>\n<meta property=\"og:image\" content=\"https:\/\/www.nsw-valve.com\/wp-content\/uploads\/2018\/12\/floating-ball-valve.jpg\" \/>\n\t<meta property=\"og:image:width\" content=\"1920\" \/>\n\t<meta property=\"og:image:height\" content=\"822\" \/>\n\t<meta property=\"og:image:type\" content=\"image\/jpeg\" \/>\n<meta name=\"twitter:card\" content=\"summary_large_image\" \/>\n<meta name=\"twitter:label1\" content=\"Tiempo de lectura\" \/>\n\t<meta name=\"twitter:data1\" content=\"3 minutos\" \/>\n<script type=\"application\/ld+json\" class=\"yoast-schema-graph\">{\"@context\":\"https:\/\/schema.org\",\"@graph\":[{\"@type\":\"WebPage\",\"@id\":\"https:\/\/www.nsw-valve.com\/product\/floating-ball-valves\/\",\"url\":\"https:\/\/www.nsw-valve.com\/product\/floating-ball-valves\/\",\"name\":\"Floating Ball Valves - Gate and Ball Valve Supplier | NSW VALVE MANUFACTURER\",\"isPartOf\":{\"@id\":\"https:\/\/www.nsw-valve.com\/#website\"},\"primaryImageOfPage\":{\"@id\":\"https:\/\/www.nsw-valve.com\/product\/floating-ball-valves\/#primaryimage\"},\"image\":{\"@id\":\"https:\/\/www.nsw-valve.com\/product\/floating-ball-valves\/#primaryimage\"},\"thumbnailUrl\":\"https:\/\/www.nsw-valve.com\/wp-content\/uploads\/2018\/12\/floating-ball-valve.jpg\",\"datePublished\":\"2018-12-04T09:43:48+00:00\",\"dateModified\":\"2025-05-29T15:33:46+00:00\",\"breadcrumb\":{\"@id\":\"https:\/\/www.nsw-valve.com\/product\/floating-ball-valves\/#breadcrumb\"},\"inLanguage\":\"es\",\"potentialAction\":[{\"@type\":\"ReadAction\",\"target\":[\"https:\/\/www.nsw-valve.com\/product\/floating-ball-valves\/\"]}]},{\"@type\":\"ImageObject\",\"inLanguage\":\"es\",\"@id\":\"https:\/\/www.nsw-valve.com\/product\/floating-ball-valves\/#primaryimage\",\"url\":\"https:\/\/www.nsw-valve.com\/wp-content\/uploads\/2018\/12\/floating-ball-valve.jpg\",\"contentUrl\":\"https:\/\/www.nsw-valve.com\/wp-content\/uploads\/2018\/12\/floating-ball-valve.jpg\",\"width\":1920,\"height\":822,\"caption\":\"floating ball valve\"},{\"@type\":\"BreadcrumbList\",\"@id\":\"https:\/\/www.nsw-valve.com\/product\/floating-ball-valves\/#breadcrumb\",\"itemListElement\":[{\"@type\":\"ListItem\",\"position\":1,\"name\":\"\u9996\u9875\",\"item\":\"https:\/\/www.nsw-valve.com\/\"},{\"@type\":\"ListItem\",\"position\":2,\"name\":\"Product\",\"item\":\"https:\/\/www.nsw-valve.com\/product\/\"},{\"@type\":\"ListItem\",\"position\":3,\"name\":\"Floating Ball Valves\"}]},{\"@type\":\"WebSite\",\"@id\":\"https:\/\/www.nsw-valve.com\/#website\",\"url\":\"https:\/\/www.nsw-valve.com\/\",\"name\":\"NSW VALVE MANUFACTURER\",\"description\":\"A Leader Industry Valve Manufacturer and Factory From China\",\"publisher\":{\"@id\":\"https:\/\/www.nsw-valve.com\/#organization\"},\"potentialAction\":[{\"@type\":\"SearchAction\",\"target\":{\"@type\":\"EntryPoint\",\"urlTemplate\":\"https:\/\/www.nsw-valve.com\/?s={search_term_string}\"},\"query-input\":{\"@type\":\"PropertyValueSpecification\",\"valueRequired\":true,\"valueName\":\"search_term_string\"}}],\"inLanguage\":\"es\"},{\"@type\":\"Organization\",\"@id\":\"https:\/\/www.nsw-valve.com\/#organization\",\"name\":\"NSW VALVE MANUFACTURER\",\"url\":\"https:\/\/www.nsw-valve.com\/\",\"logo\":{\"@type\":\"ImageObject\",\"inLanguage\":\"es\",\"@id\":\"https:\/\/www.nsw-valve.com\/#\/schema\/logo\/image\/\",\"url\":\"https:\/\/www.nsw-valve.com\/wp-content\/uploads\/2018\/07\/logo-1.png\",\"contentUrl\":\"https:\/\/www.nsw-valve.com\/wp-content\/uploads\/2018\/07\/logo-1.png\",\"width\":189,\"height\":66,\"caption\":\"NSW VALVE MANUFACTURER\"},\"image\":{\"@id\":\"https:\/\/www.nsw-valve.com\/#\/schema\/logo\/image\/\"},\"sameAs\":[\"https:\/\/www.facebook.com\/nswvalve\/\",\"https:\/\/www.linkedin.com\/company\/butterfly-valve-manufacturer-china\/\"]}]}<\/script>\n<!-- \/ Yoast SEO plugin. -->","yoast_head_json":{"title":"Floating Ball Valves - Gate and Ball Valve Supplier | NSW VALVE MANUFACTURER","robots":{"index":"index","follow":"follow","max-snippet":"max-snippet:-1","max-image-preview":"max-image-preview:large","max-video-preview":"max-video-preview:-1"},"canonical":"https:\/\/www.nsw-valve.com\/es\/producto\/floating-ball-valves\/","og_locale":"es_ES","og_type":"article","og_title":"Floating Ball Valves - Gate and Ball Valve Supplier | NSW VALVE MANUFACTURER","og_description":"A floating ball valve is a quarter-turn valve that uses a ball to control the flow of fluid. They are designed with a floating ball held in place by two valve seats, one on each side of the ball. The ball moves freely within the valve body, allowing it to rotate and open or close the flow path. These valves are commonly used in various industries including oil and gas, chemical, petrochemical.","og_url":"https:\/\/www.nsw-valve.com\/es\/producto\/floating-ball-valves\/","og_site_name":"Gate and Ball Valve Supplier | NSW VALVE MANUFACTURER","article_publisher":"https:\/\/www.facebook.com\/nswvalve\/","article_modified_time":"2025-05-29T15:33:46+00:00","og_image":[{"width":1920,"height":822,"url":"https:\/\/www.nsw-valve.com\/wp-content\/uploads\/2018\/12\/floating-ball-valve.jpg","type":"image\/jpeg"}],"twitter_card":"summary_large_image","twitter_misc":{"Tiempo de lectura":"3 minutos"},"schema":{"@context":"https:\/\/schema.org","@graph":[{"@type":"WebPage","@id":"https:\/\/www.nsw-valve.com\/product\/floating-ball-valves\/","url":"https:\/\/www.nsw-valve.com\/product\/floating-ball-valves\/","name":"Floating Ball Valves - Gate and Ball Valve Supplier | NSW VALVE MANUFACTURER","isPartOf":{"@id":"https:\/\/www.nsw-valve.com\/#website"},"primaryImageOfPage":{"@id":"https:\/\/www.nsw-valve.com\/product\/floating-ball-valves\/#primaryimage"},"image":{"@id":"https:\/\/www.nsw-valve.com\/product\/floating-ball-valves\/#primaryimage"},"thumbnailUrl":"https:\/\/www.nsw-valve.com\/wp-content\/uploads\/2018\/12\/floating-ball-valve.jpg","datePublished":"2018-12-04T09:43:48+00:00","dateModified":"2025-05-29T15:33:46+00:00","breadcrumb":{"@id":"https:\/\/www.nsw-valve.com\/product\/floating-ball-valves\/#breadcrumb"},"inLanguage":"es","potentialAction":[{"@type":"ReadAction","target":["https:\/\/www.nsw-valve.com\/product\/floating-ball-valves\/"]}]},{"@type":"ImageObject","inLanguage":"es","@id":"https:\/\/www.nsw-valve.com\/product\/floating-ball-valves\/#primaryimage","url":"https:\/\/www.nsw-valve.com\/wp-content\/uploads\/2018\/12\/floating-ball-valve.jpg","contentUrl":"https:\/\/www.nsw-valve.com\/wp-content\/uploads\/2018\/12\/floating-ball-valve.jpg","width":1920,"height":822,"caption":"floating ball valve"},{"@type":"BreadcrumbList","@id":"https:\/\/www.nsw-valve.com\/product\/floating-ball-valves\/#breadcrumb","itemListElement":[{"@type":"ListItem","position":1,"name":"\u9996\u9875","item":"https:\/\/www.nsw-valve.com\/"},{"@type":"ListItem","position":2,"name":"Product","item":"https:\/\/www.nsw-valve.com\/product\/"},{"@type":"ListItem","position":3,"name":"Floating Ball Valves"}]},{"@type":"WebSite","@id":"https:\/\/www.nsw-valve.com\/#website","url":"https:\/\/www.nsw-valve.com\/","name":"FABRICANTE DE V\u00c1LVULAS DE NSW","description":"Una industria l\u00edder V\u00e1lvula Fabricante y f\u00e1brica de China","publisher":{"@id":"https:\/\/www.nsw-valve.com\/#organization"},"potentialAction":[{"@type":"SearchAction","target":{"@type":"EntryPoint","urlTemplate":"https:\/\/www.nsw-valve.com\/?s={search_term_string}"},"query-input":{"@type":"PropertyValueSpecification","valueRequired":true,"valueName":"search_term_string"}}],"inLanguage":"es"},{"@type":"Organization","@id":"https:\/\/www.nsw-valve.com\/#organization","name":"FABRICANTE DE V\u00c1LVULAS DE NSW","url":"https:\/\/www.nsw-valve.com\/","logo":{"@type":"ImageObject","inLanguage":"es","@id":"https:\/\/www.nsw-valve.com\/#\/schema\/logo\/image\/","url":"https:\/\/www.nsw-valve.com\/wp-content\/uploads\/2018\/07\/logo-1.png","contentUrl":"https:\/\/www.nsw-valve.com\/wp-content\/uploads\/2018\/07\/logo-1.png","width":189,"height":66,"caption":"NSW VALVE MANUFACTURER"},"image":{"@id":"https:\/\/www.nsw-valve.com\/#\/schema\/logo\/image\/"},"sameAs":["https:\/\/www.facebook.com\/nswvalve\/","https:\/\/www.linkedin.com\/company\/butterfly-valve-manufacturer-china\/"]}]}},"_links":{"self":[{"href":"https:\/\/www.nsw-valve.com\/es\/wp-json\/wp\/v2\/product\/1263","targetHints":{"allow":["GET"]}}],"collection":[{"href":"https:\/\/www.nsw-valve.com\/es\/wp-json\/wp\/v2\/product"}],"about":[{"href":"https:\/\/www.nsw-valve.com\/es\/wp-json\/wp\/v2\/types\/product"}],"replies":[{"embeddable":true,"href":"https:\/\/www.nsw-valve.com\/es\/wp-json\/wp\/v2\/comments?post=1263"}],"version-history":[{"count":0,"href":"https:\/\/www.nsw-valve.com\/es\/wp-json\/wp\/v2\/product\/1263\/revisions"}],"wp:featuredmedia":[{"embeddable":true,"href":"https:\/\/www.nsw-valve.com\/es\/wp-json\/wp\/v2\/media\/3141"}],"wp:attachment":[{"href":"https:\/\/www.nsw-valve.com\/es\/wp-json\/wp\/v2\/media?parent=1263"}],"wp:term":[{"taxonomy":"product_cat","embeddable":true,"href":"https:\/\/www.nsw-valve.com\/es\/wp-json\/wp\/v2\/product_cat?post=1263"},{"taxonomy":"product_tag","embeddable":true,"href":"https:\/\/www.nsw-valve.com\/es\/wp-json\/wp\/v2\/product_tag?post=1263"}],"curies":[{"name":"wp","href":"https:\/\/api.w.org\/{rel}","templated":true}]}}