{"id":3199,"date":"2025-03-27T14:00:21","date_gmt":"2025-03-27T06:00:21","guid":{"rendered":"http:\/\/www.nsw-valve.com\/?post_type=product&#038;p=3199"},"modified":"2025-05-29T23:33:12","modified_gmt":"2025-05-29T15:33:12","slug":"trunnion-mounted-ball-valves","status":"publish","type":"product","link":"https:\/\/www.nsw-valve.com\/es\/product\/trunnion-mounted-ball-valves\/","title":{"rendered":"V\u00e1lvulas de bola montadas en mu\u00f1\u00f3n"},"content":{"rendered":"<div class=\"tieon\">\n<div class=\"fonb\"><strong>GAMA DE PRODUCTOS<\/strong><\/div>\n<\/div>\n<div class=\"fonbr\">Tama\u00f1os NPS 2 a NPS 48<br \/>\nClase 150 a clase 2500<\/div>\n<p>&nbsp;<\/p>\n<div class=\"tieon\">\n<div class=\"fonb\"><strong>MATERIALES<\/strong><\/div>\n<\/div>\n<div class=\"fonbr\">Disponible Forjado (A105, A182 F304, F304L, F316, F316L, F51, F53, A350 LF2, LF3, LF5,) Fundici\u00f3n (A216 WCB, A351 CF3, CF8, CF3M, CF8M, A995 4A, 5A, A352 LCB, LCC, LC2) Monel, Inconel, Hastelloy<\/div>\n<div><\/div>\n<div class=\"tieon\">\n<div class=\"fonb\"><strong>CARACTER\u00cdSTICAS DE DISE\u00d1O<\/strong><\/div>\n<\/div>\n<div class=\"fonbr\">Paso total o reducido<br \/>\nRF, RTJ, BW o PE<br \/>\nEntrada lateral, entrada superior o dise\u00f1o de cuerpo soldado<br \/>\nDoble bloqueo y purga (DBB)\uff0cDoble aislamiento y purga (DIB)<br \/>\nAsiento de emergencia e inyecci\u00f3n de v\u00e1stago<br \/>\nDispositivo antiest\u00e1tico<br \/>\nV\u00e1stago antidesbordamiento<br \/>\nV\u00e1stago extendido criog\u00e9nico o de alta temperatura<\/div>\n<p>&nbsp;<\/p>\n<div class=\"tieon\">\n<div class=\"fonb\"><strong>NORMA DE DISE\u00d1O<\/strong><\/div>\n<\/div>\n<div class=\"fonbr\">Dise\u00f1o y fabricaci\u00f3n seg\u00fan API 6D, API 608, ISO 17292<br \/>\nCara a cara seg\u00fan API 6D, ASME B16.10<br \/>\nConexi\u00f3n final seg\u00fan ASME B16.5, ASME B16.47, MSS SP-44 (s\u00f3lo NPS 22)<br \/>\nPruebas e inspecci\u00f3n seg\u00fan API 6D, API 598<br \/>\nDise\u00f1o ign\u00edfugo seg\u00fan API 6FA, API 607<br \/>\nTambi\u00e9n disponible seg\u00fan NACE MR-0175, NACE MR-0103, ISO 15848<\/div>","protected":false},"excerpt":{"rendered":"<p>PRODUCT RANGE Sizes NPS 2 to NPS 48 Class 150 to Class 2500 &nbsp; MATERIALS Available Forged (A105, A182 F304, F304L, F316, F316L, F51, F53, A350 LF2, LF3, LF5,) Casting (A216 WCB, A351 CF3, CF8, CF3M, CF8M, A995 4A, 5A, A352 LCB, LCC, LC2) Monel, Inconel, Hastelloy DESIGN FEATURES Full or Reduced Bore RF, RTJ, [&hellip;]<\/p>","protected":false},"featured_media":0,"comment_status":"open","ping_status":"closed","template":"","meta":[],"product_cat":[30],"product_tag":[],"class_list":["post-3199","product","type-product","status-publish","hentry","product_cat-ball-valve-manufacturer"],"yoast_head":"<!-- This site is optimized with the Yoast SEO plugin v25.4 - https:\/\/yoast.com\/wordpress\/plugins\/seo\/ -->\n<title>Trunnion Mounted Ball Valves - Gate and Ball Valve Supplier | NSW VALVE MANUFACTURER<\/title>\n<meta name=\"robots\" content=\"index, follow, max-snippet:-1, max-image-preview:large, max-video-preview:-1\" \/>\n<link rel=\"canonical\" href=\"https:\/\/www.nsw-valve.com\/es\/producto\/trunnion-mounted-ball-valves\/\" \/>\n<meta property=\"og:locale\" content=\"es_ES\" \/>\n<meta property=\"og:type\" content=\"article\" \/>\n<meta property=\"og:title\" content=\"Trunnion Mounted Ball Valves - Gate and Ball Valve Supplier | NSW VALVE MANUFACTURER\" \/>\n<meta property=\"og:description\" content=\"PRODUCT RANGE Sizes NPS 2 to NPS 48 Class 150 to Class 2500 &nbsp; MATERIALS Available Forged (A105, A182 F304, F304L, F316, F316L, F51, F53, A350 LF2, LF3, LF5,) Casting (A216 WCB, A351 CF3, CF8, CF3M, CF8M, A995 4A, 5A, A352 LCB, LCC, LC2) Monel, Inconel, Hastelloy DESIGN FEATURES Full or Reduced Bore RF, RTJ, [&hellip;]\" \/>\n<meta property=\"og:url\" content=\"https:\/\/www.nsw-valve.com\/es\/producto\/trunnion-mounted-ball-valves\/\" \/>\n<meta property=\"og:site_name\" content=\"Gate and Ball Valve Supplier | NSW VALVE MANUFACTURER\" \/>\n<meta property=\"article:publisher\" content=\"https:\/\/www.facebook.com\/nswvalve\/\" \/>\n<meta property=\"article:modified_time\" content=\"2025-05-29T15:33:12+00:00\" \/>\n<meta name=\"twitter:card\" content=\"summary_large_image\" \/>\n<meta name=\"twitter:label1\" content=\"Tiempo de lectura\" \/>\n\t<meta name=\"twitter:data1\" content=\"1 minuto\" \/>\n<script type=\"application\/ld+json\" class=\"yoast-schema-graph\">{\"@context\":\"https:\/\/schema.org\",\"@graph\":[{\"@type\":\"WebPage\",\"@id\":\"https:\/\/www.nsw-valve.com\/product\/trunnion-mounted-ball-valves\/\",\"url\":\"https:\/\/www.nsw-valve.com\/product\/trunnion-mounted-ball-valves\/\",\"name\":\"Trunnion Mounted Ball Valves - Gate and Ball Valve Supplier | NSW VALVE MANUFACTURER\",\"isPartOf\":{\"@id\":\"https:\/\/www.nsw-valve.com\/#website\"},\"datePublished\":\"2025-03-27T06:00:21+00:00\",\"dateModified\":\"2025-05-29T15:33:12+00:00\",\"breadcrumb\":{\"@id\":\"https:\/\/www.nsw-valve.com\/product\/trunnion-mounted-ball-valves\/#breadcrumb\"},\"inLanguage\":\"es\",\"potentialAction\":[{\"@type\":\"ReadAction\",\"target\":[\"https:\/\/www.nsw-valve.com\/product\/trunnion-mounted-ball-valves\/\"]}]},{\"@type\":\"BreadcrumbList\",\"@id\":\"https:\/\/www.nsw-valve.com\/product\/trunnion-mounted-ball-valves\/#breadcrumb\",\"itemListElement\":[{\"@type\":\"ListItem\",\"position\":1,\"name\":\"\u9996\u9875\",\"item\":\"https:\/\/www.nsw-valve.com\/\"},{\"@type\":\"ListItem\",\"position\":2,\"name\":\"Product\",\"item\":\"https:\/\/www.nsw-valve.com\/product\/\"},{\"@type\":\"ListItem\",\"position\":3,\"name\":\"Trunnion Mounted Ball Valves\"}]},{\"@type\":\"WebSite\",\"@id\":\"https:\/\/www.nsw-valve.com\/#website\",\"url\":\"https:\/\/www.nsw-valve.com\/\",\"name\":\"NSW VALVE MANUFACTURER\",\"description\":\"A Leader Industry Valve Manufacturer and Factory From China\",\"publisher\":{\"@id\":\"https:\/\/www.nsw-valve.com\/#organization\"},\"potentialAction\":[{\"@type\":\"SearchAction\",\"target\":{\"@type\":\"EntryPoint\",\"urlTemplate\":\"https:\/\/www.nsw-valve.com\/?s={search_term_string}\"},\"query-input\":{\"@type\":\"PropertyValueSpecification\",\"valueRequired\":true,\"valueName\":\"search_term_string\"}}],\"inLanguage\":\"es\"},{\"@type\":\"Organization\",\"@id\":\"https:\/\/www.nsw-valve.com\/#organization\",\"name\":\"NSW VALVE MANUFACTURER\",\"url\":\"https:\/\/www.nsw-valve.com\/\",\"logo\":{\"@type\":\"ImageObject\",\"inLanguage\":\"es\",\"@id\":\"https:\/\/www.nsw-valve.com\/#\/schema\/logo\/image\/\",\"url\":\"https:\/\/www.nsw-valve.com\/wp-content\/uploads\/2018\/07\/logo-1.png\",\"contentUrl\":\"https:\/\/www.nsw-valve.com\/wp-content\/uploads\/2018\/07\/logo-1.png\",\"width\":189,\"height\":66,\"caption\":\"NSW VALVE MANUFACTURER\"},\"image\":{\"@id\":\"https:\/\/www.nsw-valve.com\/#\/schema\/logo\/image\/\"},\"sameAs\":[\"https:\/\/www.facebook.com\/nswvalve\/\",\"https:\/\/www.linkedin.com\/company\/butterfly-valve-manufacturer-china\/\"]}]}<\/script>\n<!-- \/ Yoast SEO plugin. -->","yoast_head_json":{"title":"Trunnion Mounted Ball Valves - Gate and Ball Valve Supplier | NSW VALVE MANUFACTURER","robots":{"index":"index","follow":"follow","max-snippet":"max-snippet:-1","max-image-preview":"max-image-preview:large","max-video-preview":"max-video-preview:-1"},"canonical":"https:\/\/www.nsw-valve.com\/es\/producto\/trunnion-mounted-ball-valves\/","og_locale":"es_ES","og_type":"article","og_title":"Trunnion Mounted Ball Valves - Gate and Ball Valve Supplier | NSW VALVE MANUFACTURER","og_description":"PRODUCT RANGE Sizes NPS 2 to NPS 48 Class 150 to Class 2500 &nbsp; MATERIALS Available Forged (A105, A182 F304, F304L, F316, F316L, F51, F53, A350 LF2, LF3, LF5,) Casting (A216 WCB, A351 CF3, CF8, CF3M, CF8M, A995 4A, 5A, A352 LCB, LCC, LC2) Monel, Inconel, Hastelloy DESIGN FEATURES Full or Reduced Bore RF, RTJ, [&hellip;]","og_url":"https:\/\/www.nsw-valve.com\/es\/producto\/trunnion-mounted-ball-valves\/","og_site_name":"Gate and Ball Valve Supplier | NSW VALVE MANUFACTURER","article_publisher":"https:\/\/www.facebook.com\/nswvalve\/","article_modified_time":"2025-05-29T15:33:12+00:00","twitter_card":"summary_large_image","twitter_misc":{"Tiempo de lectura":"1 minuto"},"schema":{"@context":"https:\/\/schema.org","@graph":[{"@type":"WebPage","@id":"https:\/\/www.nsw-valve.com\/product\/trunnion-mounted-ball-valves\/","url":"https:\/\/www.nsw-valve.com\/product\/trunnion-mounted-ball-valves\/","name":"Trunnion Mounted Ball Valves - Gate and Ball Valve Supplier | NSW VALVE MANUFACTURER","isPartOf":{"@id":"https:\/\/www.nsw-valve.com\/#website"},"datePublished":"2025-03-27T06:00:21+00:00","dateModified":"2025-05-29T15:33:12+00:00","breadcrumb":{"@id":"https:\/\/www.nsw-valve.com\/product\/trunnion-mounted-ball-valves\/#breadcrumb"},"inLanguage":"es","potentialAction":[{"@type":"ReadAction","target":["https:\/\/www.nsw-valve.com\/product\/trunnion-mounted-ball-valves\/"]}]},{"@type":"BreadcrumbList","@id":"https:\/\/www.nsw-valve.com\/product\/trunnion-mounted-ball-valves\/#breadcrumb","itemListElement":[{"@type":"ListItem","position":1,"name":"\u9996\u9875","item":"https:\/\/www.nsw-valve.com\/"},{"@type":"ListItem","position":2,"name":"Product","item":"https:\/\/www.nsw-valve.com\/product\/"},{"@type":"ListItem","position":3,"name":"Trunnion Mounted Ball Valves"}]},{"@type":"WebSite","@id":"https:\/\/www.nsw-valve.com\/#website","url":"https:\/\/www.nsw-valve.com\/","name":"FABRICANTE DE V\u00c1LVULAS DE NSW","description":"Una industria l\u00edder V\u00e1lvula Fabricante y f\u00e1brica de China","publisher":{"@id":"https:\/\/www.nsw-valve.com\/#organization"},"potentialAction":[{"@type":"SearchAction","target":{"@type":"EntryPoint","urlTemplate":"https:\/\/www.nsw-valve.com\/?s={search_term_string}"},"query-input":{"@type":"PropertyValueSpecification","valueRequired":true,"valueName":"search_term_string"}}],"inLanguage":"es"},{"@type":"Organization","@id":"https:\/\/www.nsw-valve.com\/#organization","name":"FABRICANTE DE V\u00c1LVULAS DE NSW","url":"https:\/\/www.nsw-valve.com\/","logo":{"@type":"ImageObject","inLanguage":"es","@id":"https:\/\/www.nsw-valve.com\/#\/schema\/logo\/image\/","url":"https:\/\/www.nsw-valve.com\/wp-content\/uploads\/2018\/07\/logo-1.png","contentUrl":"https:\/\/www.nsw-valve.com\/wp-content\/uploads\/2018\/07\/logo-1.png","width":189,"height":66,"caption":"NSW VALVE MANUFACTURER"},"image":{"@id":"https:\/\/www.nsw-valve.com\/#\/schema\/logo\/image\/"},"sameAs":["https:\/\/www.facebook.com\/nswvalve\/","https:\/\/www.linkedin.com\/company\/butterfly-valve-manufacturer-china\/"]}]}},"_links":{"self":[{"href":"https:\/\/www.nsw-valve.com\/es\/wp-json\/wp\/v2\/product\/3199","targetHints":{"allow":["GET"]}}],"collection":[{"href":"https:\/\/www.nsw-valve.com\/es\/wp-json\/wp\/v2\/product"}],"about":[{"href":"https:\/\/www.nsw-valve.com\/es\/wp-json\/wp\/v2\/types\/product"}],"replies":[{"embeddable":true,"href":"https:\/\/www.nsw-valve.com\/es\/wp-json\/wp\/v2\/comments?post=3199"}],"version-history":[{"count":0,"href":"https:\/\/www.nsw-valve.com\/es\/wp-json\/wp\/v2\/product\/3199\/revisions"}],"wp:attachment":[{"href":"https:\/\/www.nsw-valve.com\/es\/wp-json\/wp\/v2\/media?parent=3199"}],"wp:term":[{"taxonomy":"product_cat","embeddable":true,"href":"https:\/\/www.nsw-valve.com\/es\/wp-json\/wp\/v2\/product_cat?post=3199"},{"taxonomy":"product_tag","embeddable":true,"href":"https:\/\/www.nsw-valve.com\/es\/wp-json\/wp\/v2\/product_tag?post=3199"}],"curies":[{"name":"wp","href":"https:\/\/api.w.org\/{rel}","templated":true}]}}