{"id":3202,"date":"2025-03-27T14:09:01","date_gmt":"2025-03-27T06:09:01","guid":{"rendered":"http:\/\/www.nsw-valve.com\/?post_type=product&#038;p=3202"},"modified":"2025-03-27T14:09:16","modified_gmt":"2025-03-27T06:09:16","slug":"flange-globe-valve","status":"publish","type":"product","link":"https:\/\/www.nsw-valve.com\/es\/product\/flange-globe-valve\/","title":{"rendered":"V\u00e1lvula de globo con brida"},"content":{"rendered":"<ul>\n<li><strong>GAMA DE PRODUCTOS<\/strong><\/li>\n<li>Tama\u00f1os NPS 2 a NPS 24<\/li>\n<li>Clase 150 a clase 2500<\/li>\n<\/ul>\n<p>&nbsp;<\/p>\n<ul>\n<li><strong>MATERIALES<\/strong><\/li>\n<li>Disponible en fundici\u00f3n (A216 WCB, WC6, WC9, A350 LCB, A351 CF8, CF8M, CF3, CF3M, A995 4A, A995 5A, A995 6A), aleaci\u00f3n 20, Monel, Inconel, Hastelloy<\/li>\n<\/ul>\n<p>&nbsp;<\/p>\n<ul>\n<li><strong>CARACTER\u00cdSTICAS DE DISE\u00d1O<\/strong><\/li>\n<li>RF, RTJ o BWBonete atornillado o bonete de cierre a presi\u00f3n<\/li>\n<li><\/li>\n<li>Tornillo exterior y horquilla (OS&amp;Y), V\u00e1stago ascendente<\/li>\n<\/ul>\n<p>&nbsp;<\/p>\n<ul>\n<li><strong>NORMA DE DISE\u00d1O<\/strong><\/li>\n<li>Dise\u00f1o y fabricaci\u00f3n seg\u00fan BS 1873, API 623Conexi\u00f3n final seg\u00fan ASME B16.5 (RF y RTJ), ASME B16.25 (BW)Tambi\u00e9n disponible seg\u00fan NACE MR-0175, NACE MR-0103, ISO 15848, API 624<\/li>\n<li>Pruebas e inspecci\u00f3n seg\u00fan API 598<\/li>\n<li>Cara a cara seg\u00fan ASME B16.10<\/li>\n<\/ul>","protected":false},"excerpt":{"rendered":"<p>PRODUCT RANGE Sizes NPS 2 to NPS 24 Class 150 to Class 2500 &nbsp; MATERIALS Available in Casting (A216 WCB, WC6, WC9, A350 LCB, A351 CF8, CF8M, CF3, CF3M, A995 4A, A995 5A, A995 6A), Alloy 20, Monel, Inconel, Hastelloy &nbsp; DESIGN FEATURES RF, RTJ, or BWBolted Bonnet or Pressure Seal Bonnet Outside Screw &amp; [&hellip;]<\/p>","protected":false},"featured_media":0,"comment_status":"open","ping_status":"closed","template":"","meta":[],"product_cat":[64],"product_tag":[],"class_list":["post-3202","product","type-product","status-publish","hentry","product_cat-globe-valve"],"yoast_head":"<!-- This site is optimized with the Yoast SEO plugin v25.4 - https:\/\/yoast.com\/wordpress\/plugins\/seo\/ -->\n<title>Flange Globe Valve - Gate and Ball Valve Supplier | NSW VALVE MANUFACTURER<\/title>\n<meta name=\"robots\" content=\"index, follow, max-snippet:-1, max-image-preview:large, max-video-preview:-1\" \/>\n<link rel=\"canonical\" href=\"https:\/\/www.nsw-valve.com\/es\/producto\/flange-globe-valve\/\" \/>\n<meta property=\"og:locale\" content=\"es_ES\" \/>\n<meta property=\"og:type\" content=\"article\" \/>\n<meta property=\"og:title\" content=\"Flange Globe Valve - Gate and Ball Valve Supplier | NSW VALVE MANUFACTURER\" \/>\n<meta property=\"og:description\" content=\"PRODUCT RANGE Sizes NPS 2 to NPS 24 Class 150 to Class 2500 &nbsp; MATERIALS Available in Casting (A216 WCB, WC6, WC9, A350 LCB, A351 CF8, CF8M, CF3, CF3M, A995 4A, A995 5A, A995 6A), Alloy 20, Monel, Inconel, Hastelloy &nbsp; DESIGN FEATURES RF, RTJ, or BWBolted Bonnet or Pressure Seal Bonnet Outside Screw &amp; [&hellip;]\" \/>\n<meta property=\"og:url\" content=\"https:\/\/www.nsw-valve.com\/es\/producto\/flange-globe-valve\/\" \/>\n<meta property=\"og:site_name\" content=\"Gate and Ball Valve Supplier | NSW VALVE MANUFACTURER\" \/>\n<meta property=\"article:publisher\" content=\"https:\/\/www.facebook.com\/nswvalve\/\" \/>\n<meta property=\"article:modified_time\" content=\"2025-03-27T06:09:16+00:00\" \/>\n<meta name=\"twitter:card\" content=\"summary_large_image\" \/>\n<meta name=\"twitter:label1\" content=\"Tiempo de lectura\" \/>\n\t<meta name=\"twitter:data1\" content=\"1 minuto\" \/>\n<script type=\"application\/ld+json\" class=\"yoast-schema-graph\">{\"@context\":\"https:\/\/schema.org\",\"@graph\":[{\"@type\":\"WebPage\",\"@id\":\"https:\/\/www.nsw-valve.com\/product\/flange-globe-valve\/\",\"url\":\"https:\/\/www.nsw-valve.com\/product\/flange-globe-valve\/\",\"name\":\"Flange Globe Valve - Gate and Ball Valve Supplier | NSW VALVE MANUFACTURER\",\"isPartOf\":{\"@id\":\"https:\/\/www.nsw-valve.com\/#website\"},\"datePublished\":\"2025-03-27T06:09:01+00:00\",\"dateModified\":\"2025-03-27T06:09:16+00:00\",\"breadcrumb\":{\"@id\":\"https:\/\/www.nsw-valve.com\/product\/flange-globe-valve\/#breadcrumb\"},\"inLanguage\":\"es\",\"potentialAction\":[{\"@type\":\"ReadAction\",\"target\":[\"https:\/\/www.nsw-valve.com\/product\/flange-globe-valve\/\"]}]},{\"@type\":\"BreadcrumbList\",\"@id\":\"https:\/\/www.nsw-valve.com\/product\/flange-globe-valve\/#breadcrumb\",\"itemListElement\":[{\"@type\":\"ListItem\",\"position\":1,\"name\":\"\u9996\u9875\",\"item\":\"https:\/\/www.nsw-valve.com\/\"},{\"@type\":\"ListItem\",\"position\":2,\"name\":\"Product\",\"item\":\"https:\/\/www.nsw-valve.com\/product\/\"},{\"@type\":\"ListItem\",\"position\":3,\"name\":\"Flange Globe Valve\"}]},{\"@type\":\"WebSite\",\"@id\":\"https:\/\/www.nsw-valve.com\/#website\",\"url\":\"https:\/\/www.nsw-valve.com\/\",\"name\":\"NSW VALVE MANUFACTURER\",\"description\":\"A Leader Industry Valve Manufacturer and Factory From China\",\"publisher\":{\"@id\":\"https:\/\/www.nsw-valve.com\/#organization\"},\"potentialAction\":[{\"@type\":\"SearchAction\",\"target\":{\"@type\":\"EntryPoint\",\"urlTemplate\":\"https:\/\/www.nsw-valve.com\/?s={search_term_string}\"},\"query-input\":{\"@type\":\"PropertyValueSpecification\",\"valueRequired\":true,\"valueName\":\"search_term_string\"}}],\"inLanguage\":\"es\"},{\"@type\":\"Organization\",\"@id\":\"https:\/\/www.nsw-valve.com\/#organization\",\"name\":\"NSW VALVE MANUFACTURER\",\"url\":\"https:\/\/www.nsw-valve.com\/\",\"logo\":{\"@type\":\"ImageObject\",\"inLanguage\":\"es\",\"@id\":\"https:\/\/www.nsw-valve.com\/#\/schema\/logo\/image\/\",\"url\":\"https:\/\/www.nsw-valve.com\/wp-content\/uploads\/2018\/07\/logo-1.png\",\"contentUrl\":\"https:\/\/www.nsw-valve.com\/wp-content\/uploads\/2018\/07\/logo-1.png\",\"width\":189,\"height\":66,\"caption\":\"NSW VALVE MANUFACTURER\"},\"image\":{\"@id\":\"https:\/\/www.nsw-valve.com\/#\/schema\/logo\/image\/\"},\"sameAs\":[\"https:\/\/www.facebook.com\/nswvalve\/\",\"https:\/\/www.linkedin.com\/company\/butterfly-valve-manufacturer-china\/\"]}]}<\/script>\n<!-- \/ Yoast SEO plugin. -->","yoast_head_json":{"title":"Flange Globe Valve - Gate and Ball Valve Supplier | NSW VALVE MANUFACTURER","robots":{"index":"index","follow":"follow","max-snippet":"max-snippet:-1","max-image-preview":"max-image-preview:large","max-video-preview":"max-video-preview:-1"},"canonical":"https:\/\/www.nsw-valve.com\/es\/producto\/flange-globe-valve\/","og_locale":"es_ES","og_type":"article","og_title":"Flange Globe Valve - Gate and Ball Valve Supplier | NSW VALVE MANUFACTURER","og_description":"PRODUCT RANGE Sizes NPS 2 to NPS 24 Class 150 to Class 2500 &nbsp; MATERIALS Available in Casting (A216 WCB, WC6, WC9, A350 LCB, A351 CF8, CF8M, CF3, CF3M, A995 4A, A995 5A, A995 6A), Alloy 20, Monel, Inconel, Hastelloy &nbsp; DESIGN FEATURES RF, RTJ, or BWBolted Bonnet or Pressure Seal Bonnet Outside Screw &amp; [&hellip;]","og_url":"https:\/\/www.nsw-valve.com\/es\/producto\/flange-globe-valve\/","og_site_name":"Gate and Ball Valve Supplier | NSW VALVE MANUFACTURER","article_publisher":"https:\/\/www.facebook.com\/nswvalve\/","article_modified_time":"2025-03-27T06:09:16+00:00","twitter_card":"summary_large_image","twitter_misc":{"Tiempo de lectura":"1 minuto"},"schema":{"@context":"https:\/\/schema.org","@graph":[{"@type":"WebPage","@id":"https:\/\/www.nsw-valve.com\/product\/flange-globe-valve\/","url":"https:\/\/www.nsw-valve.com\/product\/flange-globe-valve\/","name":"Flange Globe Valve - Gate and Ball Valve Supplier | NSW VALVE MANUFACTURER","isPartOf":{"@id":"https:\/\/www.nsw-valve.com\/#website"},"datePublished":"2025-03-27T06:09:01+00:00","dateModified":"2025-03-27T06:09:16+00:00","breadcrumb":{"@id":"https:\/\/www.nsw-valve.com\/product\/flange-globe-valve\/#breadcrumb"},"inLanguage":"es","potentialAction":[{"@type":"ReadAction","target":["https:\/\/www.nsw-valve.com\/product\/flange-globe-valve\/"]}]},{"@type":"BreadcrumbList","@id":"https:\/\/www.nsw-valve.com\/product\/flange-globe-valve\/#breadcrumb","itemListElement":[{"@type":"ListItem","position":1,"name":"\u9996\u9875","item":"https:\/\/www.nsw-valve.com\/"},{"@type":"ListItem","position":2,"name":"Product","item":"https:\/\/www.nsw-valve.com\/product\/"},{"@type":"ListItem","position":3,"name":"Flange Globe Valve"}]},{"@type":"WebSite","@id":"https:\/\/www.nsw-valve.com\/#website","url":"https:\/\/www.nsw-valve.com\/","name":"FABRICANTE DE V\u00c1LVULAS DE NSW","description":"Una industria l\u00edder V\u00e1lvula Fabricante y f\u00e1brica de China","publisher":{"@id":"https:\/\/www.nsw-valve.com\/#organization"},"potentialAction":[{"@type":"SearchAction","target":{"@type":"EntryPoint","urlTemplate":"https:\/\/www.nsw-valve.com\/?s={search_term_string}"},"query-input":{"@type":"PropertyValueSpecification","valueRequired":true,"valueName":"search_term_string"}}],"inLanguage":"es"},{"@type":"Organization","@id":"https:\/\/www.nsw-valve.com\/#organization","name":"FABRICANTE DE V\u00c1LVULAS DE NSW","url":"https:\/\/www.nsw-valve.com\/","logo":{"@type":"ImageObject","inLanguage":"es","@id":"https:\/\/www.nsw-valve.com\/#\/schema\/logo\/image\/","url":"https:\/\/www.nsw-valve.com\/wp-content\/uploads\/2018\/07\/logo-1.png","contentUrl":"https:\/\/www.nsw-valve.com\/wp-content\/uploads\/2018\/07\/logo-1.png","width":189,"height":66,"caption":"NSW VALVE MANUFACTURER"},"image":{"@id":"https:\/\/www.nsw-valve.com\/#\/schema\/logo\/image\/"},"sameAs":["https:\/\/www.facebook.com\/nswvalve\/","https:\/\/www.linkedin.com\/company\/butterfly-valve-manufacturer-china\/"]}]}},"_links":{"self":[{"href":"https:\/\/www.nsw-valve.com\/es\/wp-json\/wp\/v2\/product\/3202","targetHints":{"allow":["GET"]}}],"collection":[{"href":"https:\/\/www.nsw-valve.com\/es\/wp-json\/wp\/v2\/product"}],"about":[{"href":"https:\/\/www.nsw-valve.com\/es\/wp-json\/wp\/v2\/types\/product"}],"replies":[{"embeddable":true,"href":"https:\/\/www.nsw-valve.com\/es\/wp-json\/wp\/v2\/comments?post=3202"}],"version-history":[{"count":0,"href":"https:\/\/www.nsw-valve.com\/es\/wp-json\/wp\/v2\/product\/3202\/revisions"}],"wp:attachment":[{"href":"https:\/\/www.nsw-valve.com\/es\/wp-json\/wp\/v2\/media?parent=3202"}],"wp:term":[{"taxonomy":"product_cat","embeddable":true,"href":"https:\/\/www.nsw-valve.com\/es\/wp-json\/wp\/v2\/product_cat?post=3202"},{"taxonomy":"product_tag","embeddable":true,"href":"https:\/\/www.nsw-valve.com\/es\/wp-json\/wp\/v2\/product_tag?post=3202"}],"curies":[{"name":"wp","href":"https:\/\/api.w.org\/{rel}","templated":true}]}}