{"id":3199,"date":"2025-03-27T14:00:21","date_gmt":"2025-03-27T06:00:21","guid":{"rendered":"http:\/\/www.nsw-valve.com\/?post_type=product&#038;p=3199"},"modified":"2025-05-29T23:33:12","modified_gmt":"2025-05-29T15:33:12","slug":"trunnion-mounted-ball-valves","status":"publish","type":"product","link":"https:\/\/www.nsw-valve.com\/fr\/product\/trunnion-mounted-ball-valves\/","title":{"rendered":"Robinets \u00e0 tournant sph\u00e9rique mont\u00e9s sur tourillon"},"content":{"rendered":"<div class=\"tieon\">\n<div class=\"fonb\"><strong>GAMME DE PRODUITS<\/strong><\/div>\n<\/div>\n<div class=\"fonbr\">Tailles NPS 2 \u00e0 NPS 48<br \/>\nClasse 150 \u00e0 classe 2500<\/div>\n<p>&nbsp;<\/p>\n<div class=\"tieon\">\n<div class=\"fonb\"><strong>MAT\u00c9RIAUX<\/strong><\/div>\n<\/div>\n<div class=\"fonbr\">Disponible Forg\u00e9 (A105, A182 F304, F304L, F316, F316L, F51, F53, A350 LF2, LF3, LF5,) Moulage (A216 WCB, A351 CF3, CF8, CF3M, CF8M, A995 4A, 5A, A352 LCB, LCC, LC2) Monel, Inconel, Hastelloy<\/div>\n<div><\/div>\n<div class=\"tieon\">\n<div class=\"fonb\"><strong>CARACT\u00c9RISTIQUES DE CONCEPTION<\/strong><\/div>\n<\/div>\n<div class=\"fonbr\">Al\u00e9sage complet ou r\u00e9duit<br \/>\nRF, RTJ, BW ou PE<br \/>\nEntr\u00e9e lat\u00e9rale, entr\u00e9e par le haut ou corps soud\u00e9<br \/>\nDouble blocage et purge (DBB)\uff0cDouble isolation et purge (DIB)<br \/>\nInjection d'urgence de si\u00e8ge et de tige<br \/>\nDispositif anti-statique<br \/>\nTige anti-d\u00e9bordement<br \/>\nTige allong\u00e9e cryog\u00e9nique ou haute temp\u00e9rature<\/div>\n<p>&nbsp;<\/p>\n<div class=\"tieon\">\n<div class=\"fonb\"><strong>NORME DE CONCEPTION<\/strong><\/div>\n<\/div>\n<div class=\"fonbr\">Conception et fabrication selon API 6D, API 608, ISO 17292<br \/>\nFace \u00e0 face selon API 6D, ASME B16.10<br \/>\nRaccordement d'extr\u00e9mit\u00e9 selon ASME B16.5, ASME B16.47, MSS SP-44 (NPS 22 uniquement)<br \/>\nTest et inspection selon API 6D, API 598<br \/>\nConception anti-incendie conforme aux normes API 6FA et API 607<br \/>\n\u00c9galement disponible selon NACE MR-0175, NACE MR-0103, ISO 15848<\/div>","protected":false},"excerpt":{"rendered":"<p>PRODUCT RANGE Sizes NPS 2 to NPS 48 Class 150 to Class 2500 &nbsp; MATERIALS Available Forged (A105, A182 F304, F304L, F316, F316L, F51, F53, A350 LF2, LF3, LF5,) Casting (A216 WCB, A351 CF3, CF8, CF3M, CF8M, A995 4A, 5A, A352 LCB, LCC, LC2) Monel, Inconel, Hastelloy DESIGN FEATURES Full or Reduced Bore RF, RTJ, [&hellip;]<\/p>","protected":false},"featured_media":0,"comment_status":"open","ping_status":"closed","template":"","meta":[],"product_cat":[30],"product_tag":[],"class_list":["post-3199","product","type-product","status-publish","hentry","product_cat-ball-valve-manufacturer"],"yoast_head":"<!-- This site is optimized with the Yoast SEO plugin v25.4 - https:\/\/yoast.com\/wordpress\/plugins\/seo\/ -->\n<title>Trunnion Mounted Ball Valves - Gate and Ball Valve Supplier | NSW VALVE MANUFACTURER<\/title>\n<meta name=\"robots\" content=\"index, follow, max-snippet:-1, max-image-preview:large, max-video-preview:-1\" \/>\n<link rel=\"canonical\" href=\"https:\/\/www.nsw-valve.com\/fr\/produit\/trunnion-mounted-ball-valves\/\" \/>\n<meta property=\"og:locale\" content=\"fr_FR\" \/>\n<meta property=\"og:type\" content=\"article\" \/>\n<meta property=\"og:title\" content=\"Trunnion Mounted Ball Valves - Gate and Ball Valve Supplier | NSW VALVE MANUFACTURER\" \/>\n<meta property=\"og:description\" content=\"PRODUCT RANGE Sizes NPS 2 to NPS 48 Class 150 to Class 2500 &nbsp; MATERIALS Available Forged (A105, A182 F304, F304L, F316, F316L, F51, F53, A350 LF2, LF3, LF5,) Casting (A216 WCB, A351 CF3, CF8, CF3M, CF8M, A995 4A, 5A, A352 LCB, LCC, LC2) Monel, Inconel, Hastelloy DESIGN FEATURES Full or Reduced Bore RF, RTJ, [&hellip;]\" \/>\n<meta property=\"og:url\" content=\"https:\/\/www.nsw-valve.com\/fr\/produit\/trunnion-mounted-ball-valves\/\" \/>\n<meta property=\"og:site_name\" content=\"Gate and Ball Valve Supplier | NSW VALVE MANUFACTURER\" \/>\n<meta property=\"article:publisher\" content=\"https:\/\/www.facebook.com\/nswvalve\/\" \/>\n<meta property=\"article:modified_time\" content=\"2025-05-29T15:33:12+00:00\" \/>\n<meta name=\"twitter:card\" content=\"summary_large_image\" \/>\n<meta name=\"twitter:label1\" content=\"Dur\u00e9e de lecture estim\u00e9e\" \/>\n\t<meta name=\"twitter:data1\" content=\"1 minute\" \/>\n<script type=\"application\/ld+json\" class=\"yoast-schema-graph\">{\"@context\":\"https:\/\/schema.org\",\"@graph\":[{\"@type\":\"WebPage\",\"@id\":\"https:\/\/www.nsw-valve.com\/product\/trunnion-mounted-ball-valves\/\",\"url\":\"https:\/\/www.nsw-valve.com\/product\/trunnion-mounted-ball-valves\/\",\"name\":\"Trunnion Mounted Ball Valves - Gate and Ball Valve Supplier | NSW VALVE MANUFACTURER\",\"isPartOf\":{\"@id\":\"https:\/\/www.nsw-valve.com\/#website\"},\"datePublished\":\"2025-03-27T06:00:21+00:00\",\"dateModified\":\"2025-05-29T15:33:12+00:00\",\"breadcrumb\":{\"@id\":\"https:\/\/www.nsw-valve.com\/product\/trunnion-mounted-ball-valves\/#breadcrumb\"},\"inLanguage\":\"fr-FR\",\"potentialAction\":[{\"@type\":\"ReadAction\",\"target\":[\"https:\/\/www.nsw-valve.com\/product\/trunnion-mounted-ball-valves\/\"]}]},{\"@type\":\"BreadcrumbList\",\"@id\":\"https:\/\/www.nsw-valve.com\/product\/trunnion-mounted-ball-valves\/#breadcrumb\",\"itemListElement\":[{\"@type\":\"ListItem\",\"position\":1,\"name\":\"\u9996\u9875\",\"item\":\"https:\/\/www.nsw-valve.com\/\"},{\"@type\":\"ListItem\",\"position\":2,\"name\":\"Product\",\"item\":\"https:\/\/www.nsw-valve.com\/product\/\"},{\"@type\":\"ListItem\",\"position\":3,\"name\":\"Trunnion Mounted Ball Valves\"}]},{\"@type\":\"WebSite\",\"@id\":\"https:\/\/www.nsw-valve.com\/#website\",\"url\":\"https:\/\/www.nsw-valve.com\/\",\"name\":\"NSW VALVE MANUFACTURER\",\"description\":\"A Leader Industry Valve Manufacturer and Factory From China\",\"publisher\":{\"@id\":\"https:\/\/www.nsw-valve.com\/#organization\"},\"potentialAction\":[{\"@type\":\"SearchAction\",\"target\":{\"@type\":\"EntryPoint\",\"urlTemplate\":\"https:\/\/www.nsw-valve.com\/?s={search_term_string}\"},\"query-input\":{\"@type\":\"PropertyValueSpecification\",\"valueRequired\":true,\"valueName\":\"search_term_string\"}}],\"inLanguage\":\"fr-FR\"},{\"@type\":\"Organization\",\"@id\":\"https:\/\/www.nsw-valve.com\/#organization\",\"name\":\"NSW VALVE MANUFACTURER\",\"url\":\"https:\/\/www.nsw-valve.com\/\",\"logo\":{\"@type\":\"ImageObject\",\"inLanguage\":\"fr-FR\",\"@id\":\"https:\/\/www.nsw-valve.com\/#\/schema\/logo\/image\/\",\"url\":\"https:\/\/www.nsw-valve.com\/wp-content\/uploads\/2018\/07\/logo-1.png\",\"contentUrl\":\"https:\/\/www.nsw-valve.com\/wp-content\/uploads\/2018\/07\/logo-1.png\",\"width\":189,\"height\":66,\"caption\":\"NSW VALVE MANUFACTURER\"},\"image\":{\"@id\":\"https:\/\/www.nsw-valve.com\/#\/schema\/logo\/image\/\"},\"sameAs\":[\"https:\/\/www.facebook.com\/nswvalve\/\",\"https:\/\/www.linkedin.com\/company\/butterfly-valve-manufacturer-china\/\"]}]}<\/script>\n<!-- \/ Yoast SEO plugin. -->","yoast_head_json":{"title":"Trunnion Mounted Ball Valves - Gate and Ball Valve Supplier | NSW VALVE MANUFACTURER","robots":{"index":"index","follow":"follow","max-snippet":"max-snippet:-1","max-image-preview":"max-image-preview:large","max-video-preview":"max-video-preview:-1"},"canonical":"https:\/\/www.nsw-valve.com\/fr\/produit\/trunnion-mounted-ball-valves\/","og_locale":"fr_FR","og_type":"article","og_title":"Trunnion Mounted Ball Valves - Gate and Ball Valve Supplier | NSW VALVE MANUFACTURER","og_description":"PRODUCT RANGE Sizes NPS 2 to NPS 48 Class 150 to Class 2500 &nbsp; MATERIALS Available Forged (A105, A182 F304, F304L, F316, F316L, F51, F53, A350 LF2, LF3, LF5,) Casting (A216 WCB, A351 CF3, CF8, CF3M, CF8M, A995 4A, 5A, A352 LCB, LCC, LC2) Monel, Inconel, Hastelloy DESIGN FEATURES Full or Reduced Bore RF, RTJ, [&hellip;]","og_url":"https:\/\/www.nsw-valve.com\/fr\/produit\/trunnion-mounted-ball-valves\/","og_site_name":"Gate and Ball Valve Supplier | NSW VALVE MANUFACTURER","article_publisher":"https:\/\/www.facebook.com\/nswvalve\/","article_modified_time":"2025-05-29T15:33:12+00:00","twitter_card":"summary_large_image","twitter_misc":{"Dur\u00e9e de lecture estim\u00e9e":"1 minute"},"schema":{"@context":"https:\/\/schema.org","@graph":[{"@type":"WebPage","@id":"https:\/\/www.nsw-valve.com\/product\/trunnion-mounted-ball-valves\/","url":"https:\/\/www.nsw-valve.com\/product\/trunnion-mounted-ball-valves\/","name":"Trunnion Mounted Ball Valves - Gate and Ball Valve Supplier | NSW VALVE MANUFACTURER","isPartOf":{"@id":"https:\/\/www.nsw-valve.com\/#website"},"datePublished":"2025-03-27T06:00:21+00:00","dateModified":"2025-05-29T15:33:12+00:00","breadcrumb":{"@id":"https:\/\/www.nsw-valve.com\/product\/trunnion-mounted-ball-valves\/#breadcrumb"},"inLanguage":"fr-FR","potentialAction":[{"@type":"ReadAction","target":["https:\/\/www.nsw-valve.com\/product\/trunnion-mounted-ball-valves\/"]}]},{"@type":"BreadcrumbList","@id":"https:\/\/www.nsw-valve.com\/product\/trunnion-mounted-ball-valves\/#breadcrumb","itemListElement":[{"@type":"ListItem","position":1,"name":"\u9996\u9875","item":"https:\/\/www.nsw-valve.com\/"},{"@type":"ListItem","position":2,"name":"Product","item":"https:\/\/www.nsw-valve.com\/product\/"},{"@type":"ListItem","position":3,"name":"Trunnion Mounted Ball Valves"}]},{"@type":"WebSite","@id":"https:\/\/www.nsw-valve.com\/#website","url":"https:\/\/www.nsw-valve.com\/","name":"FABRICANT DE VALVES NSW","description":"Un leader dans la fabrication et la production de vannes industrielles en Chine","publisher":{"@id":"https:\/\/www.nsw-valve.com\/#organization"},"potentialAction":[{"@type":"SearchAction","target":{"@type":"EntryPoint","urlTemplate":"https:\/\/www.nsw-valve.com\/?s={search_term_string}"},"query-input":{"@type":"PropertyValueSpecification","valueRequired":true,"valueName":"search_term_string"}}],"inLanguage":"fr-FR"},{"@type":"Organization","@id":"https:\/\/www.nsw-valve.com\/#organization","name":"FABRICANT DE VALVES NSW","url":"https:\/\/www.nsw-valve.com\/","logo":{"@type":"ImageObject","inLanguage":"fr-FR","@id":"https:\/\/www.nsw-valve.com\/#\/schema\/logo\/image\/","url":"https:\/\/www.nsw-valve.com\/wp-content\/uploads\/2018\/07\/logo-1.png","contentUrl":"https:\/\/www.nsw-valve.com\/wp-content\/uploads\/2018\/07\/logo-1.png","width":189,"height":66,"caption":"NSW VALVE MANUFACTURER"},"image":{"@id":"https:\/\/www.nsw-valve.com\/#\/schema\/logo\/image\/"},"sameAs":["https:\/\/www.facebook.com\/nswvalve\/","https:\/\/www.linkedin.com\/company\/butterfly-valve-manufacturer-china\/"]}]}},"_links":{"self":[{"href":"https:\/\/www.nsw-valve.com\/fr\/wp-json\/wp\/v2\/product\/3199","targetHints":{"allow":["GET"]}}],"collection":[{"href":"https:\/\/www.nsw-valve.com\/fr\/wp-json\/wp\/v2\/product"}],"about":[{"href":"https:\/\/www.nsw-valve.com\/fr\/wp-json\/wp\/v2\/types\/product"}],"replies":[{"embeddable":true,"href":"https:\/\/www.nsw-valve.com\/fr\/wp-json\/wp\/v2\/comments?post=3199"}],"version-history":[{"count":0,"href":"https:\/\/www.nsw-valve.com\/fr\/wp-json\/wp\/v2\/product\/3199\/revisions"}],"wp:attachment":[{"href":"https:\/\/www.nsw-valve.com\/fr\/wp-json\/wp\/v2\/media?parent=3199"}],"wp:term":[{"taxonomy":"product_cat","embeddable":true,"href":"https:\/\/www.nsw-valve.com\/fr\/wp-json\/wp\/v2\/product_cat?post=3199"},{"taxonomy":"product_tag","embeddable":true,"href":"https:\/\/www.nsw-valve.com\/fr\/wp-json\/wp\/v2\/product_tag?post=3199"}],"curies":[{"name":"wp","href":"https:\/\/api.w.org\/{rel}","templated":true}]}}